	{"id":54,"date":"2021-02-22T14:57:47","date_gmt":"2021-02-22T14:57:47","guid":{"rendered":"https:\/\/ekultura-test.cdu.gov.hr\/wordpress\/?page_id=54"},"modified":"2022-07-07T11:49:36","modified_gmt":"2022-07-07T11:49:36","slug":"home","status":"publish","type":"page","link":"https:\/\/ekultura.hr\/","title":{"rendered":"Homepage"},"content":{"rendered":"\n<div class=\"home-div\">\n\n    <div class=\"collections-heading-image-div homepage-video-banner\">\n        <video autoplay loop muted playsinline>\n            <source src=\"https:\/\/ekultura.hr\/wp-content\/themes\/mkek\/src\/assets\/images\/eKultura.mp4?ver=\" type=\"video\/mp4\">\n            Your web browser does not support video playback!        <\/video>\n        <div class=\"image-mask-home\"><\/div>\n        <span class=\"heading-caption-video\">Welcome to the eCulture portal<\/span>\n        <a href=\"#scroll-to-content\" class=\"arrow-down\">\n            <svg fill=\"none\" stroke=\"currentColor\" stroke-width=\"1.5\" viewBox=\"0 0 24 24\"><path stroke-linecap=\"round\" stroke-linejoin=\"round\" d=\"M19.5 8.25l-7.5 7.5-7.5-7.5\"\/><\/svg>\n        <\/a>\n    <\/div>\n\n    <div class=\"background home\" id=\"scroll-to-content\">\n        <div class=\"heading\">\n            <div class=\"heading-title\">Welcome<\/div>\n            <div class=\"heading-description\">The eKultura portal is focused on building and maintaining digital services for improving the availability, accessibility, and long-term preservation of cultural heritage. Heritage institutions are constantly developing the material and service digitalisation approach so that citizens would benefit from the rich sources of information.<\/div>\n            <div class=\"heading-description\">The portal makes sure that cultural heritage is available to everyone, that it is linked to everyday life, and promotes social pluralism, interaction, and inclusion.<\/div>\n        <\/div>\n\n        <div class=\"links-images links-images-home\">\n            <div class=\"link-image-first\" data-url=\"\/en\/item-sets\">\n                <img class=\"link-image-background-left\" src=\"https:\/\/ekultura.hr\/wp-content\/themes\/mkek\/dist\/assets\/images\/naslovnica_zbirke_pozadina.svg?ver=\">\n                <img class=\"link-image-left\" src=\"https:\/\/ekultura.hr\/wp-content\/themes\/mkek\/dist\/assets\/images\/collectionsx2.png?ver=\">\n                <div class=\"red-button-collection\">EXPLORE COLLECTIONS<\/div>\n                <div class=\"link-caption-left\">\n                    <div class=\"link-description\">Explore digital cultural heritage organized in collections of heritage institutions<\/div>\n                <\/div>\n            <\/div>\n\n            <div class=\"link-image-second\" data-url=\"\/en\/teme\">\n                <img class=\"link-image-background-right\" src=\"https:\/\/ekultura.hr\/wp-content\/themes\/mkek\/dist\/assets\/images\/naslovnica_teme_pozadina.svg?ver=\">\n                <img class=\"link-image-right\" src=\"https:\/\/ekultura.hr\/wp-content\/themes\/mkek\/dist\/assets\/images\/topics_big.png?ver=\">\n                <div class=\"red-button-theme\">EXPLORE TOPICS<\/div>\n                <div class=\"link-caption-right\">\n                    <div class=\"link-description\">Explore digital cultural heritage organized by topics<\/div>\n                <\/div>\n            <\/div>\n        <\/div>\n\n                    <div class=\"slider-C61RwL\">\n                <div class=\"slidercontent-5PxtIb posts-3\">\n                                            <div class=\"slidercon-wrapper\">\n                            <div class=\"slidercon-xtcontent-VXs74A\">\n                                <div class=\"prizmatian-rpus-koveg-Mms3Jt\">Virtual Exhibitions<\/div>\n                                <div class=\"miroslav-kraljevi-Mms3Jt\">\n                                    Photography                                <\/div>\n                                <div class=\"ve-name-slider\">Records of togetherness and intimacy<\/div>\n                                <a class=\"slidercon-entbutton-Mms3Jt\" href=\"https:\/\/ekultura.hr\/en\/exhibition\/records-of-togetherness-and-intimacy\">\n                                    <div class=\"pogledaj-djelo-qXbAGx\">OPEN VIRTUAL EXHIBITION<\/div>\n                                <\/a>\n                            <\/div>\n\n                            <a class=\"slider-mobile-button\" href=\"https:\/\/ekultura.hr\/exhibition\/records-of-togetherness-and-intimacy\">\n                                <div class=\"pogledaj-djelo-qXbAGx\">OPEN VIRTUAL EXHIBITION<\/div>\n                            <\/a>\n\n                            <div class=\"aspect-ratio-container sliding-content-image-container\">\n                                <div class=\"aspect-ratio\" style=\"padding-top: 80.28571429%;\">\n                                    <img class=\"slidercontentimage-VXs74A\" alt=\"Records of togetherness and intimacy\" src=\"https:\/\/ekultura.hr\/wp-content\/uploads\/2026\/02\/56..jpg\" \/>\n                                <\/div>\n                            <\/div>\n                        <\/div>\n                                            <div class=\"slidercon-wrapper\">\n                            <div class=\"slidercon-xtcontent-VXs74A\">\n                                <div class=\"prizmatian-rpus-koveg-Mms3Jt\">Virtual Exhibitions<\/div>\n                                <div class=\"miroslav-kraljevi-Mms3Jt\">\n                                    Arhitektura i umjetnost                                <\/div>\n                                <div class=\"ve-name-slider\">HOMMAGE TO VIKTOR KOVA\u010cI\u0106 &#8211; The legacy of Viktor Kova\u010di\u0107 in the collections of the Ministry of Culture and Media of the Republic of Croatia<\/div>\n                                <a class=\"slidercon-entbutton-Mms3Jt\" href=\"https:\/\/ekultura.hr\/en\/exhibition\/arhitekt-viktor-kovacic-otac-hrvatske-moderne-arhitekture\">\n                                    <div class=\"pogledaj-djelo-qXbAGx\">OPEN VIRTUAL EXHIBITION<\/div>\n                                <\/a>\n                            <\/div>\n\n                            <a class=\"slider-mobile-button\" href=\"https:\/\/ekultura.hr\/exhibition\/arhitekt-viktor-kovacic-otac-hrvatske-moderne-arhitekture\">\n                                <div class=\"pogledaj-djelo-qXbAGx\">OPEN VIRTUAL EXHIBITION<\/div>\n                            <\/a>\n\n                            <div class=\"aspect-ratio-container sliding-content-image-container\">\n                                <div class=\"aspect-ratio\" style=\"padding-top: 80.28571429%;\">\n                                    <img class=\"slidercontentimage-VXs74A\" alt=\"HOMMAGE TO VIKTOR KOVA\u010cI\u0106 &#8211; The legacy of Viktor Kova\u010di\u0107 in the collections of the Ministry of Culture and Media of the Republic of Croatia\" src=\"https:\/\/ekultura.hr\/wp-content\/uploads\/2024\/10\/Crkva-sv-Blaza-crtez.jpg\" \/>\n                                <\/div>\n                            <\/div>\n                        <\/div>\n                                            <div class=\"slidercon-wrapper\">\n                            <div class=\"slidercon-xtcontent-VXs74A\">\n                                <div class=\"prizmatian-rpus-koveg-Mms3Jt\">Virtual Exhibitions<\/div>\n                                <div class=\"miroslav-kraljevi-Mms3Jt\">\n                                    Photography                                <\/div>\n                                <div class=\"ve-name-slider\">Cultural heritage of Banovina, Pokuplje and Moslavina<\/div>\n                                <a class=\"slidercon-entbutton-Mms3Jt\" href=\"https:\/\/ekultura.hr\/en\/exhibition\/kulturna-bastina-banovine-pokuplja-i-moslavine\">\n                                    <div class=\"pogledaj-djelo-qXbAGx\">OPEN VIRTUAL EXHIBITION<\/div>\n                                <\/a>\n                            <\/div>\n\n                            <a class=\"slider-mobile-button\" href=\"https:\/\/ekultura.hr\/exhibition\/kulturna-bastina-banovine-pokuplja-i-moslavine\">\n                                <div class=\"pogledaj-djelo-qXbAGx\">OPEN VIRTUAL EXHIBITION<\/div>\n                            <\/a>\n\n                            <div class=\"aspect-ratio-container sliding-content-image-container\">\n                                <div class=\"aspect-ratio\" style=\"padding-top: 80.28571429%;\">\n                                    <img class=\"slidercontentimage-VXs74A\" alt=\"Cultural heritage of Banovina, Pokuplje and Moslavina\" src=\"https:\/\/ekultura.hr\/wp-content\/uploads\/2022\/11\/0-naslovna.jpg\" \/>\n                                <\/div>\n                            <\/div>\n                        <\/div>\n                                    <\/div>\n            <\/div>\n            <\/div>\n\n<\/div>\n\n<script>\ndocument.addEventListener('DOMContentLoaded', () => {\n    document.querySelectorAll('.link-image-first, .link-image-second').forEach(el => {\n        el.addEventListener('click', () => {\n            window.location = el.dataset.url;\n        });\n    });\n});\n<\/script>\n\n\n<style>\n\t.home-div {\n\t\twidth: 100%;\n\t}\n\n\t.home-div .heading {\n\t\tposition: relative !important;\n\t}\n\n\t.background-image-bottom {\n\t\tposition: absolute;\n\t\tbottom: 0;\n\t}\n\n\t.background {\n\t\tposition: relative;\n\t}\n\n\t.link-image-second {\n\t\tmargin-top: 20%;\n\t}\n\n\n\t@media only screen and (min-width: 2125px) {\n\t\t.links-images {\n\t\t\ttop: 500px;\n\t\t}\n\t}\n\n\n\t@media only screen and (min-width: 1935px) {}\n\n\t@media only screen and (min-width: 1635px) {}\n\n\t@media only screen and (min-width: 1420px) {}\n\n\n\t.link-image-first {\n\t\tcursor: pointer;\n\t\tposition: relative;\n\t\theight: 260px;\n\t\twidth: 100%;\n\t}\n\n\t.link-image-second {\n\t\tcursor: pointer;\n\t\tmargin-top: 10%;\n\t\tposition: relative;\n\t\theight: 260px;\n\t\twidth: 100%;\n\t}\n\n\n\t.home-div .slider-C61RwL {\n\t\t\tmargin-top: 875px!important;\n\t\t}\n\n\t@media only screen and (min-width: 1340px) and (max-width: 2000px) {\n\t\t.links-images-home {\n\t\t\ttop: 500px;\n\t\t}\n\t}\n\n\t@media only screen and (min-width: 1340px) and (max-width: 1749px) {\n\t\t\/* .links-images-home {\n\t\t\ttop: 40%!important;\n\t} *\/\n\t}\n\n\t@media only screen and (min-width: 2200px) {\n\t\t\/* .links-images-home {\n        top: 48%!important;\n    } *\/\n\t}\n\n\t@media only screen and (min-width: 1340px) and (max-width: 1530px) {\n\t\t.logos {\n\t\t\tdisplay: inline-block !important;\n\t\t\tmargin-left: 3vw !important;\n\t\t\t\/*max-height: 5vw;*\/\n\t\t}\n\t}\n\n\t.logos {\n\t\tdisplay: inline-block !important;\n\t\tmargin-left: 5vw;\n\t\t\/*max-height: 5vw;*\/\n\t}\n\n\t.logos-div {\n\t\tdisplay: inline;\n\t}\n\n\t@media only screen and (min-width: 2200px) {\n\t\t.link-image-first .caption {\n\t\t\tleft: 23% !important;\n\t\t}\n\n\t\t.link-image-second .caption {\n\t\t\tleft: 43% !important\n\t\t}\n\t}\n\n\t.eu {\n\t\twidth: 100%;\n\t\tbackground-color: #f0f0f0;\n\t\theight: 147px;\n\t\tpadding-top: 50px;\n\t}\n\n\t.red-button-theme {\n\t\twidth: 184px;\n\t\theight: 75px;\n\t\tbackground-color: #b90026;\n\t\tcolor: white;\n\t\tposition: absolute;\n\t\tborder-radius: 5px;\n\t\tfont-weight: 800;\n\t\tfont-size: 16px;\n\t\talign-items: center;\n\t\tdisplay: flex;\n\t\tjustify-content: center;\n\t\tmargin-top: 210px;\n\t\tleft: 39%;\n\t}\n\n\t.heading-caption-video {\n\t\tfont-size: 80px;\n\t\tfont-weight: 700;\n\t\tfont-stretch: normal;\n\t\tfont-style: normal;\n\t\tline-height: 1.2;\n\t\tletter-spacing: normal;\n\t\ttext-align: left;\n\t\tcolor: #fff;\n\t\tposition: absolute;\n\t\tleft: 8%;\n\t\twidth: 70%;\n\t\tmax-width: 800px;\n\t\tbottom: 100px;\n\t\tpadding: 15px;\n\t}\n\n\t.link-image-left {\n\t\tposition: absolute;\n\t\tleft: 4%;\n\t\tmargin-top: -3.2%;\n\t\t\/*max-height: 100%;*\/\n\t\tmax-width: 60%;\n\t}\n\n\t.link-caption-left {\n\t\tposition: absolute;\n\t\ttop: 145px;\n\t\tleft: 4%;\n\t}\n\n\t.red-button-collection {\n\t\twidth: 184px;\n\t\theight: 75px;\n\t\tbackground-color: #b90026;\n\t\tcolor: white;\n\t\tposition: absolute;\n\t\tborder-radius: 5px;\n\t\tfont-weight: 800;\n\t\tfont-size: 16px;\n\t\talign-items: center;\n\t\tdisplay: flex;\n\t\tjustify-content: center;\n\t\tmargin-top: 210px;\n\t\tmargin-left: 4%;\n\t}\n\n\t.link-image-right {\n\t\tposition: absolute;\n\t\tleft: 39%;\n\t\tmargin-top: -4.5%;\n\t\tmax-width: 52%;\n\t\t\t\t\/*max-height: 90%;*\/\n\t}\n\n\t.link-image-background-left {\n\t\tfloat: left;\n\t\twidth: 70%;\n\t\t\/*max-width: 100%!important;*\/\n\t\theight: 100%;\n\t\tposition: absolute;\n\t\ttop: 0;\n\t\tleft: 0;\n\t}\n\n\t.link-image-background-right {\n\t\tfloat: right;\n\t\twidth: 70vw;\n\t\t\/*max-width: 100%!important;*\/\n\t\theight: 100%;\n\t\tposition: absolute;\n\t\ttop: 0;\n\t\tright: 0;\n\t}\n\n\n\n\t.link-caption-right {\n\t\tposition: absolute;\n\t\tleft: 39%;\n\t\tmargin-top: 145px;\n\t}\n\n\t.home .links-images {\n\t\tmargin-top: 0;\n\t}\n\n\t.background-image-bottom img {\n\t\tmargin-bottom: -130px;\n\t}\n\n\t@media only screen and (min-width: 759px) and (max-width: 1339px) {\n\t\t.heading-caption-video {\n\t\t\tfont-size: 40px !important;\n\t\t\ttop: 50% !important;\n\t\t\twidth: 80% !important;\n\t\t}\n\n\t\t.logos-caption {\n\t\t\twidth: 100%;\n\t\t\tmax-width: 100% !important;\n\t\t\tpadding-top: 20px;\n\t\t}\n\n\t\t.logos-div {\n\t\t\tdisplay: block;\n\t\t\twidth: 100%;\n\t\t\ttext-align: center;\n\t\t\tpadding-top: 15px;\n\t\t}\n\n\t\t.logos {\n\t\t\tmax-height: 7vw !important;\n\t\t}\n\n\t\t.mobile-background-image {\n\t\t\tdisplay: none;\n\t\t}\n\n\t\t.links-images-home {\n\t\t\ttop: 500px !important;\n\t\t}\n\n\t\t.link-image-background-left {\n\t\t\twidth: 100% !important;\n\t\t\t\/*max-width: 100%!important*\/\n\t\t\t;\n\t\t}\n\n\t\t.link-image-background-right {\n\t\t\twidth: 100% !important;\n\t\t\t\/*max-width: 100%!important;*\/\n\t\t}\n\n\t\t.link-image-left {\n\t\t\tmargin-top: -5.8% !important;\n\t\t\tmax-width: 60% !important;\n\t\t}\n\n\t\t.link-image-right {\n\t\t\tmargin-top: -8.8% !important;\n\t\t\tmax-width: 70% !important;\n\t\t\tleft: 12% !important;\n\t\t}\n\n\t\t.link-image-second {\n\t\t\tmargin-top: 20% !important;\n\t\t}\n\n\t\t.red-button-theme {\n\t\t\tleft: 12% !important;\n\t\t}\n\n\t\t.link-caption-right {\n\t\t\tleft: 12% !important;\n\t\t}\n\n\t\t.home-div .slider-C61RwL {\n\t\t\tbackground-repeat: repeat !important;\n\t\t\tmin-height: 850px;\n\t\t\tmargin-top: 875px!important;\n\t\t}\n\n\t\t.eu {\n\t\t\ttext-align: center;\n\t\t\tpadding-top: 0px;\n\t\t}\n\n\t\t.link-image-first .link-description {\n\t\t\tpadding-right: 50px;\n\t\t}\n\n\t\t.link-caption-left {\n\t\t\ttop: 120px;\n\t\t}\n\n\t\t.link-caption-right {\n\t\t\tmargin-top: 130px;\n\t\t}\n\n\t\t.link-image-left {\n\t\t\tmargin-top: -8% !important;\n\t\t\tmax-width: 91% !important;\n\t\t}\n\n\t\t.home .links-images {\n\t\t\tmargin-top: 0%;\n\t\t}\n\n\t\t.link-caption-left {\n\t\t\ttop: 100px;\n\t\t}\n\n\t\t.link-caption-right {\n\t\t\tmargin-top: 100px;\n\t\t}\n\n\t\t\t}\n\n\t@media only screen and (max-width: 760px) {\n\t\t.links-images-home {\n\t\t\ttop: 500px !important;\n\t\t}\n\n\t\t.link-image-background-left {\n\t\t\twidth: 105% !important;\n\t\t}\n\n\t\t.link-image-background-right {\n\t\t\twidth: 105% !important;\n\t\t}\n\n\n\t\t.link-image-left {\n\t\t\theight: 36%;\n\t\t\tmargin-top: -7% !important;\n\t\t\tmax-width: 88% !important;\n\t\t\tleft: 12% !important;\n\t\t}\n\n\t\t.home .links-images {\n\t\t\tmargin-top: 0%;\n\t\t}\n\n\t\t.link-image-right {\n\t\t\tmargin-top: -9% !important;\n\t\t\tmax-width: 75% !important;\n\t\t\tleft: 10% !important;\n\t\t}\n\n\t\t.link-image-second {\n\t\t\tmargin-top: 20% !important;\n\t\t\tmargin-left: 40px !important;\n\t\t}\n\n\t\t.link-image-first {\n\t\t\twidth: 94%;\n\t\t}\n\n\t\t.link-image-first .link-description {\n\t\t\tpadding-right: 30px;\n\t\t}\n\n\t\t.red-button-theme {\n\t\t\tleft: 10% !important;\n\t\t}\n\n\t\t.link-caption-right {\n\t\t\tleft: 10% !important;\n\t\t}\n\n\t\t.red-button-collection {\n\t\t\tleft: 12% !important;\n\t\t}\n\n\t\t.link-caption-left {\n\t\t\ttop: 110px !important;\n\t\t\tleft: 12% !important;\n\t\t}\n\n\t\t.link-caption-right {\n\t\t\tmargin-top: 120px;\n\t\t}\n\n\t\t.heading-caption-video {\n\t\t\tfont-size: 36px;\n\t\t}\n\n\t\t.eu {\n\t\t\tpadding-top: 10px !important;\n\t\t\ttext-align: center;\n\t\t}\n\n\t\t.logos-div {\n\t\t\tmargin-top: 10px;\n\t\t\tdisplay: block;\n\t\t}\n\n\t\t.logos-div img {\n\t\t\tmargin-left: 0px !important;\n\t\t}\n\n\t}\n\n\t@media only screen and (max-width: 590px) {\n\n\t\t.link-image-first {\n\t\t\twidth: 93% !important;\n\t\t}\n\n\t\t.link-image-second {\n\t\t\tleft: 30px !important;\n\t\t}\n\n\t\t.link-caption-left {\n\t\t\ttop: 70px !important;\n\t\t}\n\n\t\t.link-caption-right {\n\t\t\tmargin-top: 90px !important;\n\t\t}\n\n\t\t.link-image-second {\n\t\t\theight: 200px !important;\n\t\t}\n\n\t\t.link-image-first {\n\t\t\theight: 200px !important;\n\t\t}\n\n\t\t.red-button-theme {\n\t\t\tmargin-top: 150px !important;\n\t\t}\n\n\t\t.red-button-collection {\n\t\t\tmargin-top: 150px !important;\n\t\t}\n\n\t\t.link-image-second .link-description {\n\t\t\tfont-size: 15px !important;\n\t\t\tpadding-right: 35px !important;\n\t\t}\n\n\t\t.link-image-left {\n\t\t\theight: 38%;\n\t\t\tmargin-top: -7% !important;\n\t\t\tmax-width: 88% !important;\n\t\t}\n\n\t\t.home .links-images {\n\t\t\tmargin-top: 0%;\n\t\t}\n\n\t\t\t}\n\n\t@media only screen and (max-width: 485px) {\n\n\t\t.link-image-first .link-description {\n\t\t\tpadding-right: 4px !important;\n\t\t\tfont-size: 15px !important;\n\t\t}\n\n\t\t.link-image-second .link-description {\n\t\t\tfont-size: 15px !important;\n\t\t\tpadding-right: 35px !important;\n\t\t}\n\n\t\t.link-caption-right {\n\t\t\tmargin-top: 85px !important;\n\t\t}\n\n\t\t.red-button-collection {\n\t\t\tmargin-top: 150px !important;\n\t\t}\n\n\t\t.red-button-theme {\n\t\t\tmargin-top: 150px !important;\n\t\t}\n\n\t\t.link-image-first {\n\t\t\theight: 200px !important;\n\t\t}\n\n\t\t.link-image-second {\n\t\t\theight: 200px !important;\n\t\t}\n\n\t\t.link-caption-left {\n\t\t\ttop: 70px !important;\n\t\t}\n\n\t\t.link-image-second .link-description {\n\t\t\tfont-size: 15px !important;\n\t\t\tpadding-right: 55px !important;\n\t\t}\n\n\t\t.link-image-left {\n\t\t\theight: 34%;\n\t\t\tmargin-top: -8% !important;\n\t\t\tmax-width: 88% !important;\n\t\t}\n\n\t\t.home .links-images {\n\t\t\tmargin-top: 5%;\n\t\t}\n\n\t\t\t}\n\n\t@media only screen and (max-width: 460px) {\n\n\t\t.heading-caption-video {\n\t\t\tbottom: 20px !important;\n\t\t}\n\n\t\t.logos {\n\t\t\tmargin-left: 0px;\n\t\t\ttext-align: center !important;\n\t\t\tfont-size: 14px !important;\n\t\t\tmargin-top: 10px;\n\t\t}\n\n\t\t.logos {\n\t\t\ttext-align: center;\n\t\t\tfont-size: 14px;\n\t\t}\n\n\t\t.heading {\n\t\t\tmargin-top: 30px !important;\n\t\t}\n\n\t\t.links-images-home {\n\t\t\ttop: 600px !important;\n\t\t}\n\n\t\t.link-image-first {\n\t\t\theight: 200px !important;\n\t\t}\n\n\t\t.red-button-collection {\n\t\t\tmargin-top: 150px;\n\t\t}\n\n\t\t.link-caption-left {\n\t\t\ttop: 70px !important;\n\t\t\tfont-size: 14px !important;\n\t\t}\n\n\t\t.link-image-second {\n\t\t\tmargin-top: 30% !important;\n\t\t\theight: 200px !important;\n\t\t}\n\n\t\t.red-button-theme {\n\t\t\tmargin-top: 150px !important;\n\t\t}\n\n\t\t.link-caption-right {\n\t\t\tmargin-top: 85px !important;\n\t\t\tfont-size: 14px !important;\n\t\t}\n\n\t\t.x00-home-page .slider-C61RwL {\n\t\t\tmargin-top: 30px !important;\n\t\t\tmargin-top: 875px!important;\n\t\t}\n\n\t\t.background-image-bottom {\n\t\t\tdisplay: none;\n\t\t}\n\n\t\t.x00-home-page .prizmatian-rpus-koveg-Mms3Jt {\n\t\t\tfont-size: 30px !important;\n\t\t}\n\n\t\t.x00-home-page .miroslav-kraljevi-Mms3Jt {\n\t\t\tfont-size: 18px !important;\n\t\t}\n\n\t\t.x00-home-page .ve-name-slider {\n\t\t\tfont-size: 26px !important;\n\t\t}\n\n\t\tul.slick-dots {\n\t\t\tdisplay: none !important;\n\t\t}\n\n\t\t.x00-home-page .footer-C61RwL {\n\t\t\tpadding-bottom: 100px;\n\t\t}\n\n\t\t.heading {\n\t\t\tmargin-left: 4% !important;\n\t\t}\n\n\t\t.logo-one {\n\t\t\theight: 40px !important;\n\t\t\tmargin-right: 15px !important;\n\t\t}\n\n\t\t.logo-two {\n\t\t\theight: 30px !important;\n\t\t\tmargin-bottom: 40px !important;\n\t\t\tmargin-right: 15px !important;\n\t\t}\n\n\t\t.logo-three {\n\t\t\theight: 40px !important;\n\t\t}\n\n\t\t.red-button-collection {\n\t\t\tmargin-left: 0px !important;\n\t\t}\n\n\t\t.link-description {\n\t\t\tfont-size: 14px !important;\n\t\t}\n\n\t\t.link-image-second .link-description {\n\t\t\tfont-size: 15px !important;\n\t\t\tpadding-right: 56px !important;\n\t\t}\n\n\t\t.link-image-left {\n\t\t\theight: 32%;\n\t\t\tmargin-top: -8% !important;\n\t\t\tmax-width: 86% !important;\n\t\t}\n\n\t\t.home .links-images {\n\t\t\tmargin-top: 0%;\n\t\t}\n\n\t\t\t}\n\n\t@media only screen and (max-width: 450px) {\n\n\t\t.red-button-collection {\n\t\t\tmargin-top: 10em !important;\n\t\t}\n\n\t}\n\n\t@media only screen and (max-width: 360px) {\n\n\t\t.heading-caption-video {\n\t\t\tbottom: 10px !important;\n\t\t\tfont-size: 24px;\n\t\t}\n\n\t\t.logos {\n\t\t\tmargin-left: 0px;\n\t\t\ttext-align: center !important;\n\t\t\tfont-size: 14px !important;\n\t\t\tmargin-top: 10px;\n\t\t}\n\n\t\t.heading-description {\n\t\t\tfont-size: 14px;\n\t\t}\n\n\t\t.logos {\n\t\t\ttext-align: center;\n\t\t\tfont-size: 14px;\n\t\t}\n\n\t\t.heading {\n\t\t\tmargin-top: 30px !important;\n\t\t}\n\n\t\t.links-images-home {\n\t\t\ttop: 600px !important;\n\t\t}\n\n\t\t.link-image-first {\n\t\t\theight: 200px !important;\n\t\t}\n\n\t\t.red-button-collection {\n\t\t\tmargin-top: 150px;\n\t\t}\n\n\t\t.link-caption-left {\n\t\t\ttop: 70px !important;\n\t\t\tfont-size: 14px !important;\n\t\t}\n\n\t\t.link-image-second {\n\t\t\tmargin-top: 30% !important;\n\t\t\theight: 200px !important;\n\t\t}\n\n\t\t.red-button-theme {\n\t\t\tmargin-top: 150px !important;\n\t\t}\n\n\t\t.link-caption-right {\n\t\t\tmargin-top: 85px !important;\n\t\t\tfont-size: 14px !important;\n\t\t}\n\n\t\t.x00-home-page .slider-C61RwL {\n\t\t\tmargin-top: 30px !important;\n\t\t\tmargin-top: 875px!important;\n\t\t}\n\n\t\t.background-image-bottom {\n\t\t\tdisplay: none;\n\t\t}\n\n\t\t.x00-home-page .prizmatian-rpus-koveg-Mms3Jt {\n\t\t\tfont-size: 30px !important;\n\t\t}\n\n\t\t.x00-home-page .miroslav-kraljevi-Mms3Jt {\n\t\t\tfont-size: 18px !important;\n\t\t}\n\n\t\t.x00-home-page .ve-name-slider {\n\t\t\tfont-size: 26px !important;\n\t\t}\n\n\t\tul.slick-dots {\n\t\t\tdisplay: none !important;\n\t\t}\n\n\t\t.x00-home-page .footer-C61RwL {\n\t\t\tpadding-bottom: 100px;\n\t\t}\n\n\t\t.heading {\n\t\t\tmargin-left: 4% !important;\n\t\t}\n\n\t\t.logo-one {\n\t\t\theight: 40px !important;\n\t\t\tmargin-right: 15px !important;\n\t\t}\n\n\t\t.logo-two {\n\t\t\theight: 30px !important;\n\t\t\tmargin-bottom: 40px !important;\n\t\t\tmargin-right: 15px !important;\n\t\t}\n\n\t\t.logo-three {\n\t\t\theight: 40px !important;\n\t\t}\n\n\t\t.red-button-collection {\n\t\t\tmargin-left: 0px !important;\n\t\t}\n\n\t\t.link-description {\n\t\t\tfont-size: 13px !important;\n\t\t}\n\n\t\t.link-image-second .link-description {\n\t\t\tfont-size: 13px !important;\n\t\t\tpadding-right: 56px !important;\n\t\t}\n\n\t\t.link-image-first .link-description {\n\t\t\tpadding-right: 4px !important;\n\t\t\tfont-size: 13px !important;\n\t\t}\n\n\t\t.link-image-right {\n\t\t\tmargin-top: -9% !important;\n\t\t\tmax-width: 71% !important;\n\t\t\tleft: 5% !important;\n\t\t}\n\n\t\t.link-image-left {\n\t\t\theight: 30%;\n\t\t\tmargin-top: -11% !important;\n\t\t\tmax-width: 96% !important;\n\t\t\tmargin-left: -8% !important;\n\t\t}\n\n\t\t.home .links-images {\n\t\t\tmargin-top: 0%;\n\t\t}\n\n\t\t.link-caption-right {\n\t\t\tmargin-top: 68px !important;\n\t\t\tfont-size: 14px !important;\n\t\t}\n\n\t\t\t}\n<\/style>\n","protected":false},"excerpt":{"rendered":"","protected":false},"author":1,"featured_media":0,"parent":0,"menu_order":0,"comment_status":"closed","ping_status":"closed","template":"","meta":{"_locale":"en_US","_original_post":"https:\/\/ekultura-test.cdu.gov.hr\/wordpress\/?page_id=54"},"acf":[],"_links":{"self":[{"href":"https:\/\/ekultura.hr\/wp-json\/wp\/v2\/pages\/54"}],"collection":[{"href":"https:\/\/ekultura.hr\/wp-json\/wp\/v2\/pages"}],"about":[{"href":"https:\/\/ekultura.hr\/wp-json\/wp\/v2\/types\/page"}],"author":[{"embeddable":true,"href":"https:\/\/ekultura.hr\/wp-json\/wp\/v2\/users\/1"}],"replies":[{"embeddable":true,"href":"https:\/\/ekultura.hr\/wp-json\/wp\/v2\/comments?post=54"}],"version-history":[{"count":29,"href":"https:\/\/ekultura.hr\/wp-json\/wp\/v2\/pages\/54\/revisions"}],"predecessor-version":[{"id":23397,"href":"https:\/\/ekultura.hr\/wp-json\/wp\/v2\/pages\/54\/revisions\/23397"}],"wp:attachment":[{"href":"https:\/\/ekultura.hr\/wp-json\/wp\/v2\/media?parent=54"}],"curies":[{"name":"wp","href":"https:\/\/api.w.org\/{rel}","templated":true}]}}